{"id":21319,"date":"2026-02-22T19:25:47","date_gmt":"2026-02-22T19:25:47","guid":{"rendered":"https:\/\/xiorstudenthousing.covalentbond.website\/locations\/"},"modified":"2026-03-25T15:53:56","modified_gmt":"2026-03-25T15:53:56","slug":"all-locations","status":"publish","type":"page","link":"https:\/\/xiorstudenthousing.covalentbond.website\/pt\/all-locations\/","title":{"rendered":"Locations"},"content":{"rendered":"","protected":false},"excerpt":{"rendered":"","protected":false},"author":1,"featured_media":0,"parent":0,"menu_order":0,"comment_status":"closed","ping_status":"closed","template":"","meta":{"_acf_changed":false,"footnotes":""},"class_list":["post-21319","page","type-page","status-publish","hentry"],"acf":[],"yoast_head":"<!-- This site is optimized with the Yoast SEO plugin v27.1.1 - https:\/\/yoast.com\/product\/yoast-seo-wordpress\/ -->\n<title>Todas as localiza\u00e7\u00f5es da Xior | Alojamento estudantil em toda a Europa | Xior<\/title>\n<meta name=\"description\" content=\"Explore todas as op\u00e7\u00f5es de moradia estudantil da Xior em 8 pa\u00edses e 42 cidades. Descubra resid\u00eancias seguras e acolhedoras onde os estudantes podem prosperar e os pais podem ficar tranquilos.\" \/>\n<meta name=\"robots\" content=\"noindex, follow, max-snippet:-1, max-image-preview:large, max-video-preview:-1\" \/>\n<meta property=\"og:locale\" content=\"pt_PT\" \/>\n<meta property=\"og:type\" content=\"article\" \/>\n<meta property=\"og:title\" content=\"Todas as localiza\u00e7\u00f5es da Xior | Alojamento estudantil em toda a Europa | Xior\" \/>\n<meta property=\"og:description\" content=\"Explore todas as op\u00e7\u00f5es de moradia estudantil da Xior em 8 pa\u00edses e 42 cidades. Descubra resid\u00eancias seguras e acolhedoras onde os estudantes podem prosperar e os pais podem ficar tranquilos.\" \/>\n<meta property=\"og:url\" content=\"https:\/\/xiorstudenthousing.covalentbond.website\/pt\/all-locations\/\" \/>\n<meta property=\"og:site_name\" content=\"Xior Student Housing\" \/>\n<meta property=\"article:publisher\" content=\"https:\/\/www.facebook.com\/xiorstudenthousing\" \/>\n<meta property=\"article:modified_time\" content=\"2026-03-25T15:53:56+00:00\" \/>\n<meta name=\"twitter:card\" content=\"summary_large_image\" \/>\n<meta name=\"twitter:site\" content=\"@xiorstudent\" \/>\n<script type=\"application\/ld+json\" class=\"yoast-schema-graph\">{\"@context\":\"https:\/\/schema.org\",\"@graph\":[{\"@type\":\"WebPage\",\"@id\":\"https:\/\/xiorstudenthousing.covalentbond.website\/pt\/all-locations\/\",\"url\":\"https:\/\/xiorstudenthousing.covalentbond.website\/pt\/all-locations\/\",\"name\":\"Todas as localiza\u00e7\u00f5es da Xior | Alojamento estudantil em toda a Europa | Xior\",\"isPartOf\":{\"@id\":\"https:\/\/xiorstudenthousing.covalentbond.website\/#website\"},\"datePublished\":\"2026-02-22T19:25:47+00:00\",\"dateModified\":\"2026-03-25T15:53:56+00:00\",\"description\":\"Explore todas as op\u00e7\u00f5es de moradia estudantil da Xior em 8 pa\u00edses e 42 cidades. Descubra resid\u00eancias seguras e acolhedoras onde os estudantes podem prosperar e os pais podem ficar tranquilos.\",\"breadcrumb\":{\"@id\":\"https:\/\/xiorstudenthousing.covalentbond.website\/pt\/all-locations\/#breadcrumb\"},\"inLanguage\":\"pt-PT\",\"potentialAction\":[{\"@type\":\"ReadAction\",\"target\":[\"https:\/\/xiorstudenthousing.covalentbond.website\/pt\/all-locations\/\"]}]},{\"@type\":\"BreadcrumbList\",\"@id\":\"https:\/\/xiorstudenthousing.covalentbond.website\/pt\/all-locations\/#breadcrumb\",\"itemListElement\":[{\"@type\":\"ListItem\",\"position\":1,\"name\":\"Home\",\"item\":\"https:\/\/xiorstudenthousing.covalentbond.website\/pt\/\"},{\"@type\":\"ListItem\",\"position\":2,\"name\":\"Locations\"}]},{\"@type\":\"WebSite\",\"@id\":\"https:\/\/xiorstudenthousing.covalentbond.website\/#website\",\"url\":\"https:\/\/xiorstudenthousing.covalentbond.website\/\",\"name\":\"Xior Student Housing\",\"description\":\"\",\"potentialAction\":[{\"@type\":\"SearchAction\",\"target\":{\"@type\":\"EntryPoint\",\"urlTemplate\":\"https:\/\/xiorstudenthousing.covalentbond.website\/?s={search_term_string}\"},\"query-input\":{\"@type\":\"PropertyValueSpecification\",\"valueRequired\":true,\"valueName\":\"search_term_string\"}}],\"inLanguage\":\"pt-PT\"}]}<\/script>\n<!-- \/ Yoast SEO plugin. -->","yoast_head_json":{"title":"Todas as localiza\u00e7\u00f5es da Xior | Alojamento estudantil em toda a Europa | Xior","description":"Explore todas as op\u00e7\u00f5es de moradia estudantil da Xior em 8 pa\u00edses e 42 cidades. Descubra resid\u00eancias seguras e acolhedoras onde os estudantes podem prosperar e os pais podem ficar tranquilos.","robots":{"index":"noindex","follow":"follow","max-snippet":"max-snippet:-1","max-image-preview":"max-image-preview:large","max-video-preview":"max-video-preview:-1"},"og_locale":"pt_PT","og_type":"article","og_title":"Todas as localiza\u00e7\u00f5es da Xior | Alojamento estudantil em toda a Europa | Xior","og_description":"Explore todas as op\u00e7\u00f5es de moradia estudantil da Xior em 8 pa\u00edses e 42 cidades. Descubra resid\u00eancias seguras e acolhedoras onde os estudantes podem prosperar e os pais podem ficar tranquilos.","og_url":"https:\/\/xiorstudenthousing.covalentbond.website\/pt\/all-locations\/","og_site_name":"Xior Student Housing","article_publisher":"https:\/\/www.facebook.com\/xiorstudenthousing","article_modified_time":"2026-03-25T15:53:56+00:00","twitter_card":"summary_large_image","twitter_site":"@xiorstudent","schema":{"@context":"https:\/\/schema.org","@graph":[{"@type":"WebPage","@id":"https:\/\/xiorstudenthousing.covalentbond.website\/pt\/all-locations\/","url":"https:\/\/xiorstudenthousing.covalentbond.website\/pt\/all-locations\/","name":"Todas as localiza\u00e7\u00f5es da Xior | Alojamento estudantil em toda a Europa | Xior","isPartOf":{"@id":"https:\/\/xiorstudenthousing.covalentbond.website\/#website"},"datePublished":"2026-02-22T19:25:47+00:00","dateModified":"2026-03-25T15:53:56+00:00","description":"Explore todas as op\u00e7\u00f5es de moradia estudantil da Xior em 8 pa\u00edses e 42 cidades. Descubra resid\u00eancias seguras e acolhedoras onde os estudantes podem prosperar e os pais podem ficar tranquilos.","breadcrumb":{"@id":"https:\/\/xiorstudenthousing.covalentbond.website\/pt\/all-locations\/#breadcrumb"},"inLanguage":"pt-PT","potentialAction":[{"@type":"ReadAction","target":["https:\/\/xiorstudenthousing.covalentbond.website\/pt\/all-locations\/"]}]},{"@type":"BreadcrumbList","@id":"https:\/\/xiorstudenthousing.covalentbond.website\/pt\/all-locations\/#breadcrumb","itemListElement":[{"@type":"ListItem","position":1,"name":"Home","item":"https:\/\/xiorstudenthousing.covalentbond.website\/pt\/"},{"@type":"ListItem","position":2,"name":"Locations"}]},{"@type":"WebSite","@id":"https:\/\/xiorstudenthousing.covalentbond.website\/#website","url":"https:\/\/xiorstudenthousing.covalentbond.website\/","name":"Xior Student Housing","description":"","potentialAction":[{"@type":"SearchAction","target":{"@type":"EntryPoint","urlTemplate":"https:\/\/xiorstudenthousing.covalentbond.website\/?s={search_term_string}"},"query-input":{"@type":"PropertyValueSpecification","valueRequired":true,"valueName":"search_term_string"}}],"inLanguage":"pt-PT"}]}},"_links":{"self":[{"href":"https:\/\/xiorstudenthousing.covalentbond.website\/pt\/wp-json\/wp\/v2\/pages\/21319","targetHints":{"allow":["GET"]}}],"collection":[{"href":"https:\/\/xiorstudenthousing.covalentbond.website\/pt\/wp-json\/wp\/v2\/pages"}],"about":[{"href":"https:\/\/xiorstudenthousing.covalentbond.website\/pt\/wp-json\/wp\/v2\/types\/page"}],"author":[{"embeddable":true,"href":"https:\/\/xiorstudenthousing.covalentbond.website\/pt\/wp-json\/wp\/v2\/users\/1"}],"replies":[{"embeddable":true,"href":"https:\/\/xiorstudenthousing.covalentbond.website\/pt\/wp-json\/wp\/v2\/comments?post=21319"}],"version-history":[{"count":1,"href":"https:\/\/xiorstudenthousing.covalentbond.website\/pt\/wp-json\/wp\/v2\/pages\/21319\/revisions"}],"predecessor-version":[{"id":21331,"href":"https:\/\/xiorstudenthousing.covalentbond.website\/pt\/wp-json\/wp\/v2\/pages\/21319\/revisions\/21331"}],"wp:attachment":[{"href":"https:\/\/xiorstudenthousing.covalentbond.website\/pt\/wp-json\/wp\/v2\/media?parent=21319"}],"curies":[{"name":"wp","href":"https:\/\/api.w.org\/{rel}","templated":true}]}}