{"id":30060,"date":"2026-03-16T10:50:21","date_gmt":"2026-03-16T10:50:21","guid":{"rendered":"https:\/\/xiorstudenthousing.covalentbond.website\/parents\/"},"modified":"2026-03-30T13:27:22","modified_gmt":"2026-03-30T13:27:22","slug":"parents","status":"publish","type":"page","link":"https:\/\/xiorstudenthousing.covalentbond.website\/fr\/parents\/","title":{"rendered":"Parent Hub"},"content":{"rendered":"","protected":false},"excerpt":{"rendered":"","protected":false},"author":1,"featured_media":0,"parent":0,"menu_order":0,"comment_status":"closed","ping_status":"closed","template":"","meta":{"_acf_changed":false,"footnotes":""},"class_list":["post-30060","page","type-page","status-publish","hentry"],"acf":[],"yoast_head":"<!-- This site is optimized with the Yoast SEO plugin v27.1.1 - https:\/\/yoast.com\/product\/yoast-seo-wordpress\/ -->\n<title>Espace Parents | Pourquoi les parents font confiance \u00e0 Xior | Xior Student Housing<\/title>\n<meta name=\"description\" content=\"La tranquillit\u00e9 d\u2019esprit pour les parents. Xior propose des r\u00e9sidences \u00e9tudiantes s\u00e9curis\u00e9es avec surveillance 24h\/24 et 7j\/7, un accompagnement sur place, des espaces communs et une communaut\u00e9 accueillante pour aider votre enfant \u00e0 s\u2019\u00e9panouir.\" \/>\n<meta name=\"robots\" content=\"noindex, follow, max-snippet:-1, max-image-preview:large, max-video-preview:-1\" \/>\n<meta property=\"og:locale\" content=\"fr_FR\" \/>\n<meta property=\"og:type\" content=\"article\" \/>\n<meta property=\"og:title\" content=\"Espace Parents | Pourquoi les parents font confiance \u00e0 Xior | Xior Student Housing\" \/>\n<meta property=\"og:description\" content=\"La tranquillit\u00e9 d\u2019esprit pour les parents. Xior propose des r\u00e9sidences \u00e9tudiantes s\u00e9curis\u00e9es avec surveillance 24h\/24 et 7j\/7, un accompagnement sur place, des espaces communs et une communaut\u00e9 accueillante pour aider votre enfant \u00e0 s\u2019\u00e9panouir.\" \/>\n<meta property=\"og:url\" content=\"https:\/\/xiorstudenthousing.covalentbond.website\/fr\/parents\/\" \/>\n<meta property=\"og:site_name\" content=\"Xior Student Housing\" \/>\n<meta property=\"article:publisher\" content=\"https:\/\/www.facebook.com\/xiorstudenthousing\" \/>\n<meta property=\"article:modified_time\" content=\"2026-03-30T13:27:22+00:00\" \/>\n<meta name=\"twitter:card\" content=\"summary_large_image\" \/>\n<meta name=\"twitter:site\" content=\"@xiorstudent\" \/>\n<script type=\"application\/ld+json\" class=\"yoast-schema-graph\">{\"@context\":\"https:\/\/schema.org\",\"@graph\":[{\"@type\":\"WebPage\",\"@id\":\"https:\/\/xiorstudenthousing.covalentbond.website\/fr\/parents\/\",\"url\":\"https:\/\/xiorstudenthousing.covalentbond.website\/fr\/parents\/\",\"name\":\"Espace Parents | Pourquoi les parents font confiance \u00e0 Xior | Xior Student Housing\",\"isPartOf\":{\"@id\":\"https:\/\/xiorstudenthousing.covalentbond.website\/#website\"},\"datePublished\":\"2026-03-16T10:50:21+00:00\",\"dateModified\":\"2026-03-30T13:27:22+00:00\",\"description\":\"La tranquillit\u00e9 d\u2019esprit pour les parents. Xior propose des r\u00e9sidences \u00e9tudiantes s\u00e9curis\u00e9es avec surveillance 24h\/24 et 7j\/7, un accompagnement sur place, des espaces communs et une communaut\u00e9 accueillante pour aider votre enfant \u00e0 s\u2019\u00e9panouir.\",\"breadcrumb\":{\"@id\":\"https:\/\/xiorstudenthousing.covalentbond.website\/fr\/parents\/#breadcrumb\"},\"inLanguage\":\"fr-FR\",\"potentialAction\":[{\"@type\":\"ReadAction\",\"target\":[\"https:\/\/xiorstudenthousing.covalentbond.website\/fr\/parents\/\"]}]},{\"@type\":\"BreadcrumbList\",\"@id\":\"https:\/\/xiorstudenthousing.covalentbond.website\/fr\/parents\/#breadcrumb\",\"itemListElement\":[{\"@type\":\"ListItem\",\"position\":1,\"name\":\"Home\",\"item\":\"https:\/\/xiorstudenthousing.covalentbond.website\/fr\/\"},{\"@type\":\"ListItem\",\"position\":2,\"name\":\"Parent Hub\"}]},{\"@type\":\"WebSite\",\"@id\":\"https:\/\/xiorstudenthousing.covalentbond.website\/#website\",\"url\":\"https:\/\/xiorstudenthousing.covalentbond.website\/\",\"name\":\"Xior Student Housing\",\"description\":\"\",\"potentialAction\":[{\"@type\":\"SearchAction\",\"target\":{\"@type\":\"EntryPoint\",\"urlTemplate\":\"https:\/\/xiorstudenthousing.covalentbond.website\/?s={search_term_string}\"},\"query-input\":{\"@type\":\"PropertyValueSpecification\",\"valueRequired\":true,\"valueName\":\"search_term_string\"}}],\"inLanguage\":\"fr-FR\"}]}<\/script>\n<!-- \/ Yoast SEO plugin. -->","yoast_head_json":{"title":"Espace Parents | Pourquoi les parents font confiance \u00e0 Xior | Xior Student Housing","description":"La tranquillit\u00e9 d\u2019esprit pour les parents. Xior propose des r\u00e9sidences \u00e9tudiantes s\u00e9curis\u00e9es avec surveillance 24h\/24 et 7j\/7, un accompagnement sur place, des espaces communs et une communaut\u00e9 accueillante pour aider votre enfant \u00e0 s\u2019\u00e9panouir.","robots":{"index":"noindex","follow":"follow","max-snippet":"max-snippet:-1","max-image-preview":"max-image-preview:large","max-video-preview":"max-video-preview:-1"},"og_locale":"fr_FR","og_type":"article","og_title":"Espace Parents | Pourquoi les parents font confiance \u00e0 Xior | Xior Student Housing","og_description":"La tranquillit\u00e9 d\u2019esprit pour les parents. Xior propose des r\u00e9sidences \u00e9tudiantes s\u00e9curis\u00e9es avec surveillance 24h\/24 et 7j\/7, un accompagnement sur place, des espaces communs et une communaut\u00e9 accueillante pour aider votre enfant \u00e0 s\u2019\u00e9panouir.","og_url":"https:\/\/xiorstudenthousing.covalentbond.website\/fr\/parents\/","og_site_name":"Xior Student Housing","article_publisher":"https:\/\/www.facebook.com\/xiorstudenthousing","article_modified_time":"2026-03-30T13:27:22+00:00","twitter_card":"summary_large_image","twitter_site":"@xiorstudent","schema":{"@context":"https:\/\/schema.org","@graph":[{"@type":"WebPage","@id":"https:\/\/xiorstudenthousing.covalentbond.website\/fr\/parents\/","url":"https:\/\/xiorstudenthousing.covalentbond.website\/fr\/parents\/","name":"Espace Parents | Pourquoi les parents font confiance \u00e0 Xior | Xior Student Housing","isPartOf":{"@id":"https:\/\/xiorstudenthousing.covalentbond.website\/#website"},"datePublished":"2026-03-16T10:50:21+00:00","dateModified":"2026-03-30T13:27:22+00:00","description":"La tranquillit\u00e9 d\u2019esprit pour les parents. Xior propose des r\u00e9sidences \u00e9tudiantes s\u00e9curis\u00e9es avec surveillance 24h\/24 et 7j\/7, un accompagnement sur place, des espaces communs et une communaut\u00e9 accueillante pour aider votre enfant \u00e0 s\u2019\u00e9panouir.","breadcrumb":{"@id":"https:\/\/xiorstudenthousing.covalentbond.website\/fr\/parents\/#breadcrumb"},"inLanguage":"fr-FR","potentialAction":[{"@type":"ReadAction","target":["https:\/\/xiorstudenthousing.covalentbond.website\/fr\/parents\/"]}]},{"@type":"BreadcrumbList","@id":"https:\/\/xiorstudenthousing.covalentbond.website\/fr\/parents\/#breadcrumb","itemListElement":[{"@type":"ListItem","position":1,"name":"Home","item":"https:\/\/xiorstudenthousing.covalentbond.website\/fr\/"},{"@type":"ListItem","position":2,"name":"Parent Hub"}]},{"@type":"WebSite","@id":"https:\/\/xiorstudenthousing.covalentbond.website\/#website","url":"https:\/\/xiorstudenthousing.covalentbond.website\/","name":"Xior Student Housing","description":"","potentialAction":[{"@type":"SearchAction","target":{"@type":"EntryPoint","urlTemplate":"https:\/\/xiorstudenthousing.covalentbond.website\/?s={search_term_string}"},"query-input":{"@type":"PropertyValueSpecification","valueRequired":true,"valueName":"search_term_string"}}],"inLanguage":"fr-FR"}]}},"_links":{"self":[{"href":"https:\/\/xiorstudenthousing.covalentbond.website\/fr\/wp-json\/wp\/v2\/pages\/30060","targetHints":{"allow":["GET"]}}],"collection":[{"href":"https:\/\/xiorstudenthousing.covalentbond.website\/fr\/wp-json\/wp\/v2\/pages"}],"about":[{"href":"https:\/\/xiorstudenthousing.covalentbond.website\/fr\/wp-json\/wp\/v2\/types\/page"}],"author":[{"embeddable":true,"href":"https:\/\/xiorstudenthousing.covalentbond.website\/fr\/wp-json\/wp\/v2\/users\/1"}],"replies":[{"embeddable":true,"href":"https:\/\/xiorstudenthousing.covalentbond.website\/fr\/wp-json\/wp\/v2\/comments?post=30060"}],"version-history":[{"count":6,"href":"https:\/\/xiorstudenthousing.covalentbond.website\/fr\/wp-json\/wp\/v2\/pages\/30060\/revisions"}],"predecessor-version":[{"id":33008,"href":"https:\/\/xiorstudenthousing.covalentbond.website\/fr\/wp-json\/wp\/v2\/pages\/30060\/revisions\/33008"}],"wp:attachment":[{"href":"https:\/\/xiorstudenthousing.covalentbond.website\/fr\/wp-json\/wp\/v2\/media?parent=30060"}],"curies":[{"name":"wp","href":"https:\/\/api.w.org\/{rel}","templated":true}]}}