{"id":25792,"date":"2026-03-04T18:37:26","date_gmt":"2026-03-04T18:37:26","guid":{"rendered":"https:\/\/xiorstudenthousing.covalentbond.website\/oudergemlaan-student-accommodation\/"},"modified":"2026-04-01T10:48:46","modified_gmt":"2026-04-01T10:48:46","slug":"oudergemlaan-student-accommodation","status":"publish","type":"page","link":"https:\/\/xiorstudenthousing.covalentbond.website\/fr\/belgium\/brussels\/oudergemlaan-student-accommodation\/","title":{"rendered":"Oudergemlaan"},"content":{"rendered":"","protected":false},"excerpt":{"rendered":"","protected":false},"author":1,"featured_media":0,"parent":28805,"menu_order":0,"comment_status":"closed","ping_status":"closed","template":"templates\/property-template.php","meta":{"_acf_changed":false,"footnotes":""},"class_list":["post-25792","page","type-page","status-publish","hentry"],"acf":[],"yoast_head":"<!-- This site is optimized with the Yoast SEO plugin v27.1.1 - https:\/\/yoast.com\/product\/yoast-seo-wordpress\/ -->\n<title>Logement \u00e9tudiant \u00e0 Bruxelles | Avenue Auderghem | Xior<\/title>\n<meta name=\"description\" content=\"La r\u00e9sidence \u00e9tudiante Oudergemlaan \u00e0 Bruxelles propose des chambres modernes, une connexion wifi rapide, des espaces communs et un cadre de vie s\u00e9curis\u00e9 dans un quartier universitaire pratique.\" \/>\n<meta name=\"robots\" content=\"noindex, follow, max-snippet:-1, max-image-preview:large, max-video-preview:-1\" \/>\n<meta property=\"og:locale\" content=\"fr_FR\" \/>\n<meta property=\"og:type\" content=\"article\" \/>\n<meta property=\"og:title\" content=\"Logement \u00e9tudiant \u00e0 Bruxelles | Avenue Auderghem | Xior\" \/>\n<meta property=\"og:description\" content=\"La r\u00e9sidence \u00e9tudiante Oudergemlaan \u00e0 Bruxelles propose des chambres modernes, une connexion wifi rapide, des espaces communs et un cadre de vie s\u00e9curis\u00e9 dans un quartier universitaire pratique.\" \/>\n<meta property=\"og:url\" content=\"https:\/\/xiorstudenthousing.covalentbond.website\/fr\/belgium\/brussels\/oudergemlaan-student-accommodation\/\" \/>\n<meta property=\"og:site_name\" content=\"Xior Student Housing\" \/>\n<meta property=\"article:publisher\" content=\"https:\/\/www.facebook.com\/xiorstudenthousing\" \/>\n<meta property=\"article:modified_time\" content=\"2026-04-01T10:48:46+00:00\" \/>\n<meta name=\"twitter:card\" content=\"summary_large_image\" \/>\n<meta name=\"twitter:site\" content=\"@xiorstudent\" \/>\n<script type=\"application\/ld+json\" class=\"yoast-schema-graph\">{\"@context\":\"https:\/\/schema.org\",\"@graph\":[{\"@type\":\"WebPage\",\"@id\":\"https:\/\/xiorstudenthousing.covalentbond.website\/fr\/belgium\/brussels\/oudergemlaan-student-accommodation\/\",\"url\":\"https:\/\/xiorstudenthousing.covalentbond.website\/fr\/belgium\/brussels\/oudergemlaan-student-accommodation\/\",\"name\":\"Logement \u00e9tudiant \u00e0 Bruxelles | Avenue Auderghem | Xior\",\"isPartOf\":{\"@id\":\"https:\/\/xiorstudenthousing.covalentbond.website\/#website\"},\"datePublished\":\"2026-03-04T18:37:26+00:00\",\"dateModified\":\"2026-04-01T10:48:46+00:00\",\"description\":\"La r\u00e9sidence \u00e9tudiante Oudergemlaan \u00e0 Bruxelles propose des chambres modernes, une connexion wifi rapide, des espaces communs et un cadre de vie s\u00e9curis\u00e9 dans un quartier universitaire pratique.\",\"breadcrumb\":{\"@id\":\"https:\/\/xiorstudenthousing.covalentbond.website\/fr\/belgium\/brussels\/oudergemlaan-student-accommodation\/#breadcrumb\"},\"inLanguage\":\"fr-FR\",\"potentialAction\":[{\"@type\":\"ReadAction\",\"target\":[\"https:\/\/xiorstudenthousing.covalentbond.website\/fr\/belgium\/brussels\/oudergemlaan-student-accommodation\/\"]}]},{\"@type\":\"BreadcrumbList\",\"@id\":\"https:\/\/xiorstudenthousing.covalentbond.website\/fr\/belgium\/brussels\/oudergemlaan-student-accommodation\/#breadcrumb\",\"itemListElement\":[{\"@type\":\"ListItem\",\"position\":1,\"name\":\"Home\",\"item\":\"https:\/\/xiorstudenthousing.covalentbond.website\/fr\/\"},{\"@type\":\"ListItem\",\"position\":2,\"name\":\"Belgium\",\"item\":\"https:\/\/xiorstudenthousing.covalentbond.website\/fr\/belgium\/\"},{\"@type\":\"ListItem\",\"position\":3,\"name\":\"Brussels\",\"item\":\"https:\/\/xiorstudenthousing.covalentbond.website\/fr\/brussels\/\"},{\"@type\":\"ListItem\",\"position\":4,\"name\":\"Oudergemlaan\"}]},{\"@type\":\"WebSite\",\"@id\":\"https:\/\/xiorstudenthousing.covalentbond.website\/#website\",\"url\":\"https:\/\/xiorstudenthousing.covalentbond.website\/\",\"name\":\"Xior Student Housing\",\"description\":\"\",\"potentialAction\":[{\"@type\":\"SearchAction\",\"target\":{\"@type\":\"EntryPoint\",\"urlTemplate\":\"https:\/\/xiorstudenthousing.covalentbond.website\/?s={search_term_string}\"},\"query-input\":{\"@type\":\"PropertyValueSpecification\",\"valueRequired\":true,\"valueName\":\"search_term_string\"}}],\"inLanguage\":\"fr-FR\"}]}<\/script>\n<!-- \/ Yoast SEO plugin. -->","yoast_head_json":{"title":"Logement \u00e9tudiant \u00e0 Bruxelles | Avenue Auderghem | Xior","description":"La r\u00e9sidence \u00e9tudiante Oudergemlaan \u00e0 Bruxelles propose des chambres modernes, une connexion wifi rapide, des espaces communs et un cadre de vie s\u00e9curis\u00e9 dans un quartier universitaire pratique.","robots":{"index":"noindex","follow":"follow","max-snippet":"max-snippet:-1","max-image-preview":"max-image-preview:large","max-video-preview":"max-video-preview:-1"},"og_locale":"fr_FR","og_type":"article","og_title":"Logement \u00e9tudiant \u00e0 Bruxelles | Avenue Auderghem | Xior","og_description":"La r\u00e9sidence \u00e9tudiante Oudergemlaan \u00e0 Bruxelles propose des chambres modernes, une connexion wifi rapide, des espaces communs et un cadre de vie s\u00e9curis\u00e9 dans un quartier universitaire pratique.","og_url":"https:\/\/xiorstudenthousing.covalentbond.website\/fr\/belgium\/brussels\/oudergemlaan-student-accommodation\/","og_site_name":"Xior Student Housing","article_publisher":"https:\/\/www.facebook.com\/xiorstudenthousing","article_modified_time":"2026-04-01T10:48:46+00:00","twitter_card":"summary_large_image","twitter_site":"@xiorstudent","schema":{"@context":"https:\/\/schema.org","@graph":[{"@type":"WebPage","@id":"https:\/\/xiorstudenthousing.covalentbond.website\/fr\/belgium\/brussels\/oudergemlaan-student-accommodation\/","url":"https:\/\/xiorstudenthousing.covalentbond.website\/fr\/belgium\/brussels\/oudergemlaan-student-accommodation\/","name":"Logement \u00e9tudiant \u00e0 Bruxelles | Avenue Auderghem | Xior","isPartOf":{"@id":"https:\/\/xiorstudenthousing.covalentbond.website\/#website"},"datePublished":"2026-03-04T18:37:26+00:00","dateModified":"2026-04-01T10:48:46+00:00","description":"La r\u00e9sidence \u00e9tudiante Oudergemlaan \u00e0 Bruxelles propose des chambres modernes, une connexion wifi rapide, des espaces communs et un cadre de vie s\u00e9curis\u00e9 dans un quartier universitaire pratique.","breadcrumb":{"@id":"https:\/\/xiorstudenthousing.covalentbond.website\/fr\/belgium\/brussels\/oudergemlaan-student-accommodation\/#breadcrumb"},"inLanguage":"fr-FR","potentialAction":[{"@type":"ReadAction","target":["https:\/\/xiorstudenthousing.covalentbond.website\/fr\/belgium\/brussels\/oudergemlaan-student-accommodation\/"]}]},{"@type":"BreadcrumbList","@id":"https:\/\/xiorstudenthousing.covalentbond.website\/fr\/belgium\/brussels\/oudergemlaan-student-accommodation\/#breadcrumb","itemListElement":[{"@type":"ListItem","position":1,"name":"Home","item":"https:\/\/xiorstudenthousing.covalentbond.website\/fr\/"},{"@type":"ListItem","position":2,"name":"Belgium","item":"https:\/\/xiorstudenthousing.covalentbond.website\/fr\/belgium\/"},{"@type":"ListItem","position":3,"name":"Brussels","item":"https:\/\/xiorstudenthousing.covalentbond.website\/fr\/brussels\/"},{"@type":"ListItem","position":4,"name":"Oudergemlaan"}]},{"@type":"WebSite","@id":"https:\/\/xiorstudenthousing.covalentbond.website\/#website","url":"https:\/\/xiorstudenthousing.covalentbond.website\/","name":"Xior Student Housing","description":"","potentialAction":[{"@type":"SearchAction","target":{"@type":"EntryPoint","urlTemplate":"https:\/\/xiorstudenthousing.covalentbond.website\/?s={search_term_string}"},"query-input":{"@type":"PropertyValueSpecification","valueRequired":true,"valueName":"search_term_string"}}],"inLanguage":"fr-FR"}]}},"_links":{"self":[{"href":"https:\/\/xiorstudenthousing.covalentbond.website\/fr\/wp-json\/wp\/v2\/pages\/25792","targetHints":{"allow":["GET"]}}],"collection":[{"href":"https:\/\/xiorstudenthousing.covalentbond.website\/fr\/wp-json\/wp\/v2\/pages"}],"about":[{"href":"https:\/\/xiorstudenthousing.covalentbond.website\/fr\/wp-json\/wp\/v2\/types\/page"}],"author":[{"embeddable":true,"href":"https:\/\/xiorstudenthousing.covalentbond.website\/fr\/wp-json\/wp\/v2\/users\/1"}],"replies":[{"embeddable":true,"href":"https:\/\/xiorstudenthousing.covalentbond.website\/fr\/wp-json\/wp\/v2\/comments?post=25792"}],"version-history":[{"count":1,"href":"https:\/\/xiorstudenthousing.covalentbond.website\/fr\/wp-json\/wp\/v2\/pages\/25792\/revisions"}],"predecessor-version":[{"id":25794,"href":"https:\/\/xiorstudenthousing.covalentbond.website\/fr\/wp-json\/wp\/v2\/pages\/25792\/revisions\/25794"}],"up":[{"embeddable":true,"href":"https:\/\/xiorstudenthousing.covalentbond.website\/fr\/wp-json\/wp\/v2\/pages\/28805"}],"wp:attachment":[{"href":"https:\/\/xiorstudenthousing.covalentbond.website\/fr\/wp-json\/wp\/v2\/media?parent=25792"}],"curies":[{"name":"wp","href":"https:\/\/api.w.org\/{rel}","templated":true}]}}