{"id":13605,"date":"2026-03-03T11:37:31","date_gmt":"2026-03-03T11:37:31","guid":{"rendered":"https:\/\/xiorstudenthousing.covalentbond.website\/spain\/malaga\/"},"modified":"2026-03-25T15:53:56","modified_gmt":"2026-03-25T15:53:56","slug":"malaga","status":"publish","type":"page","link":"https:\/\/xiorstudenthousing.covalentbond.website\/es\/spain\/malaga\/","title":{"rendered":"Malaga"},"content":{"rendered":"","protected":false},"excerpt":{"rendered":"","protected":false},"author":1,"featured_media":5819,"parent":13583,"menu_order":0,"comment_status":"closed","ping_status":"closed","template":"templates\/city-template.php","meta":{"_acf_changed":false,"footnotes":""},"class_list":["post-13605","page","type-page","status-publish","has-post-thumbnail","hentry"],"acf":[],"yoast_head":"<!-- This site is optimized with the Yoast SEO plugin v27.1.1 - https:\/\/yoast.com\/product\/yoast-seo-wordpress\/ -->\n<title>Alojamiento para estudiantes en M\u00e1laga | Cerca de universidades | Xior<\/title>\n<meta name=\"description\" content=\"Vive en M\u00e1laga con el alojamiento para estudiantes Xior cerca de las universidades, que ofrece habitaciones modernas, wifi r\u00e1pido, zonas sociales y alojamiento seguro.\" \/>\n<meta name=\"robots\" content=\"noindex, follow, max-snippet:-1, max-image-preview:large, max-video-preview:-1\" \/>\n<meta property=\"og:locale\" content=\"es_ES\" \/>\n<meta property=\"og:type\" content=\"article\" \/>\n<meta property=\"og:title\" content=\"Alojamiento para estudiantes en M\u00e1laga | Cerca de universidades | Xior\" \/>\n<meta property=\"og:description\" content=\"Vive en M\u00e1laga con el alojamiento para estudiantes Xior cerca de las universidades, que ofrece habitaciones modernas, wifi r\u00e1pido, zonas sociales y alojamiento seguro.\" \/>\n<meta property=\"og:url\" content=\"https:\/\/xiorstudenthousing.covalentbond.website\/es\/spain\/malaga\/\" \/>\n<meta property=\"og:site_name\" content=\"Xior Student Housing\" \/>\n<meta property=\"article:publisher\" content=\"https:\/\/www.facebook.com\/xiorstudenthousing\" \/>\n<meta property=\"article:modified_time\" content=\"2026-03-25T15:53:56+00:00\" \/>\n<meta property=\"og:image\" content=\"https:\/\/xiorstudenthousing.covalentbond.website\/wp-content\/uploads\/2026\/03\/ES_Malaga_Carousel.jpg\" \/>\n\t<meta property=\"og:image:width\" content=\"675\" \/>\n\t<meta property=\"og:image:height\" content=\"900\" \/>\n\t<meta property=\"og:image:type\" content=\"image\/jpeg\" \/>\n<meta name=\"twitter:card\" content=\"summary_large_image\" \/>\n<meta name=\"twitter:site\" content=\"@xiorstudent\" \/>\n<meta name=\"twitter:label1\" content=\"Tiempo de lectura\" \/>\n\t<meta name=\"twitter:data1\" content=\"1 minuto\" \/>\n<script type=\"application\/ld+json\" class=\"yoast-schema-graph\">{\"@context\":\"https:\/\/schema.org\",\"@graph\":[{\"@type\":\"WebPage\",\"@id\":\"https:\/\/xiorstudenthousing.covalentbond.website\/es\/spain\/malaga\/\",\"url\":\"https:\/\/xiorstudenthousing.covalentbond.website\/es\/spain\/malaga\/\",\"name\":\"Alojamiento para estudiantes en M\u00e1laga | Cerca de universidades | Xior\",\"isPartOf\":{\"@id\":\"https:\/\/xiorstudenthousing.covalentbond.website\/#website\"},\"primaryImageOfPage\":{\"@id\":\"https:\/\/xiorstudenthousing.covalentbond.website\/es\/spain\/malaga\/#primaryimage\"},\"image\":{\"@id\":\"https:\/\/xiorstudenthousing.covalentbond.website\/es\/spain\/malaga\/#primaryimage\"},\"thumbnailUrl\":\"https:\/\/xiorstudenthousing.covalentbond.website\/wp-content\/uploads\/2026\/03\/ES_Malaga_Carousel.jpg\",\"datePublished\":\"2026-03-03T11:37:31+00:00\",\"dateModified\":\"2026-03-25T15:53:56+00:00\",\"description\":\"Vive en M\u00e1laga con el alojamiento para estudiantes Xior cerca de las universidades, que ofrece habitaciones modernas, wifi r\u00e1pido, zonas sociales y alojamiento seguro.\",\"breadcrumb\":{\"@id\":\"https:\/\/xiorstudenthousing.covalentbond.website\/es\/spain\/malaga\/#breadcrumb\"},\"inLanguage\":\"es\",\"potentialAction\":[{\"@type\":\"ReadAction\",\"target\":[\"https:\/\/xiorstudenthousing.covalentbond.website\/es\/spain\/malaga\/\"]}]},{\"@type\":\"ImageObject\",\"inLanguage\":\"es\",\"@id\":\"https:\/\/xiorstudenthousing.covalentbond.website\/es\/spain\/malaga\/#primaryimage\",\"url\":\"https:\/\/xiorstudenthousing.covalentbond.website\/wp-content\/uploads\/2026\/03\/ES_Malaga_Carousel.jpg\",\"contentUrl\":\"https:\/\/xiorstudenthousing.covalentbond.website\/wp-content\/uploads\/2026\/03\/ES_Malaga_Carousel.jpg\",\"width\":675,\"height\":900},{\"@type\":\"BreadcrumbList\",\"@id\":\"https:\/\/xiorstudenthousing.covalentbond.website\/es\/spain\/malaga\/#breadcrumb\",\"itemListElement\":[{\"@type\":\"ListItem\",\"position\":1,\"name\":\"Home\",\"item\":\"https:\/\/xiorstudenthousing.covalentbond.website\/es\/\"},{\"@type\":\"ListItem\",\"position\":2,\"name\":\"Spain\",\"item\":\"https:\/\/xiorstudenthousing.covalentbond.website\/es\/spain\/\"},{\"@type\":\"ListItem\",\"position\":3,\"name\":\"Malaga\"}]},{\"@type\":\"WebSite\",\"@id\":\"https:\/\/xiorstudenthousing.covalentbond.website\/#website\",\"url\":\"https:\/\/xiorstudenthousing.covalentbond.website\/\",\"name\":\"Xior Student Housing\",\"description\":\"\",\"potentialAction\":[{\"@type\":\"SearchAction\",\"target\":{\"@type\":\"EntryPoint\",\"urlTemplate\":\"https:\/\/xiorstudenthousing.covalentbond.website\/?s={search_term_string}\"},\"query-input\":{\"@type\":\"PropertyValueSpecification\",\"valueRequired\":true,\"valueName\":\"search_term_string\"}}],\"inLanguage\":\"es\"}]}<\/script>\n<!-- \/ Yoast SEO plugin. -->","yoast_head_json":{"title":"Alojamiento para estudiantes en M\u00e1laga | Cerca de universidades | Xior","description":"Vive en M\u00e1laga con el alojamiento para estudiantes Xior cerca de las universidades, que ofrece habitaciones modernas, wifi r\u00e1pido, zonas sociales y alojamiento seguro.","robots":{"index":"noindex","follow":"follow","max-snippet":"max-snippet:-1","max-image-preview":"max-image-preview:large","max-video-preview":"max-video-preview:-1"},"og_locale":"es_ES","og_type":"article","og_title":"Alojamiento para estudiantes en M\u00e1laga | Cerca de universidades | Xior","og_description":"Vive en M\u00e1laga con el alojamiento para estudiantes Xior cerca de las universidades, que ofrece habitaciones modernas, wifi r\u00e1pido, zonas sociales y alojamiento seguro.","og_url":"https:\/\/xiorstudenthousing.covalentbond.website\/es\/spain\/malaga\/","og_site_name":"Xior Student Housing","article_publisher":"https:\/\/www.facebook.com\/xiorstudenthousing","article_modified_time":"2026-03-25T15:53:56+00:00","og_image":[{"width":675,"height":900,"url":"https:\/\/xiorstudenthousing.covalentbond.website\/wp-content\/uploads\/2026\/03\/ES_Malaga_Carousel.jpg","type":"image\/jpeg"}],"twitter_card":"summary_large_image","twitter_site":"@xiorstudent","twitter_misc":{"Tiempo de lectura":"1 minuto"},"schema":{"@context":"https:\/\/schema.org","@graph":[{"@type":"WebPage","@id":"https:\/\/xiorstudenthousing.covalentbond.website\/es\/spain\/malaga\/","url":"https:\/\/xiorstudenthousing.covalentbond.website\/es\/spain\/malaga\/","name":"Alojamiento para estudiantes en M\u00e1laga | Cerca de universidades | Xior","isPartOf":{"@id":"https:\/\/xiorstudenthousing.covalentbond.website\/#website"},"primaryImageOfPage":{"@id":"https:\/\/xiorstudenthousing.covalentbond.website\/es\/spain\/malaga\/#primaryimage"},"image":{"@id":"https:\/\/xiorstudenthousing.covalentbond.website\/es\/spain\/malaga\/#primaryimage"},"thumbnailUrl":"https:\/\/xiorstudenthousing.covalentbond.website\/wp-content\/uploads\/2026\/03\/ES_Malaga_Carousel.jpg","datePublished":"2026-03-03T11:37:31+00:00","dateModified":"2026-03-25T15:53:56+00:00","description":"Vive en M\u00e1laga con el alojamiento para estudiantes Xior cerca de las universidades, que ofrece habitaciones modernas, wifi r\u00e1pido, zonas sociales y alojamiento seguro.","breadcrumb":{"@id":"https:\/\/xiorstudenthousing.covalentbond.website\/es\/spain\/malaga\/#breadcrumb"},"inLanguage":"es","potentialAction":[{"@type":"ReadAction","target":["https:\/\/xiorstudenthousing.covalentbond.website\/es\/spain\/malaga\/"]}]},{"@type":"ImageObject","inLanguage":"es","@id":"https:\/\/xiorstudenthousing.covalentbond.website\/es\/spain\/malaga\/#primaryimage","url":"https:\/\/xiorstudenthousing.covalentbond.website\/wp-content\/uploads\/2026\/03\/ES_Malaga_Carousel.jpg","contentUrl":"https:\/\/xiorstudenthousing.covalentbond.website\/wp-content\/uploads\/2026\/03\/ES_Malaga_Carousel.jpg","width":675,"height":900},{"@type":"BreadcrumbList","@id":"https:\/\/xiorstudenthousing.covalentbond.website\/es\/spain\/malaga\/#breadcrumb","itemListElement":[{"@type":"ListItem","position":1,"name":"Home","item":"https:\/\/xiorstudenthousing.covalentbond.website\/es\/"},{"@type":"ListItem","position":2,"name":"Spain","item":"https:\/\/xiorstudenthousing.covalentbond.website\/es\/spain\/"},{"@type":"ListItem","position":3,"name":"Malaga"}]},{"@type":"WebSite","@id":"https:\/\/xiorstudenthousing.covalentbond.website\/#website","url":"https:\/\/xiorstudenthousing.covalentbond.website\/","name":"Xior Student Housing","description":"","potentialAction":[{"@type":"SearchAction","target":{"@type":"EntryPoint","urlTemplate":"https:\/\/xiorstudenthousing.covalentbond.website\/?s={search_term_string}"},"query-input":{"@type":"PropertyValueSpecification","valueRequired":true,"valueName":"search_term_string"}}],"inLanguage":"es"}]}},"_links":{"self":[{"href":"https:\/\/xiorstudenthousing.covalentbond.website\/es\/wp-json\/wp\/v2\/pages\/13605","targetHints":{"allow":["GET"]}}],"collection":[{"href":"https:\/\/xiorstudenthousing.covalentbond.website\/es\/wp-json\/wp\/v2\/pages"}],"about":[{"href":"https:\/\/xiorstudenthousing.covalentbond.website\/es\/wp-json\/wp\/v2\/types\/page"}],"author":[{"embeddable":true,"href":"https:\/\/xiorstudenthousing.covalentbond.website\/es\/wp-json\/wp\/v2\/users\/1"}],"replies":[{"embeddable":true,"href":"https:\/\/xiorstudenthousing.covalentbond.website\/es\/wp-json\/wp\/v2\/comments?post=13605"}],"version-history":[{"count":3,"href":"https:\/\/xiorstudenthousing.covalentbond.website\/es\/wp-json\/wp\/v2\/pages\/13605\/revisions"}],"predecessor-version":[{"id":30463,"href":"https:\/\/xiorstudenthousing.covalentbond.website\/es\/wp-json\/wp\/v2\/pages\/13605\/revisions\/30463"}],"up":[{"embeddable":true,"href":"https:\/\/xiorstudenthousing.covalentbond.website\/es\/wp-json\/wp\/v2\/pages\/13583"}],"wp:featuredmedia":[{"embeddable":true,"href":"https:\/\/xiorstudenthousing.covalentbond.website\/es\/wp-json\/wp\/v2\/media\/5819"}],"wp:attachment":[{"href":"https:\/\/xiorstudenthousing.covalentbond.website\/es\/wp-json\/wp\/v2\/media?parent=13605"}],"curies":[{"name":"wp","href":"https:\/\/api.w.org\/{rel}","templated":true}]}}