{"id":25720,"date":"2026-03-03T11:37:31","date_gmt":"2026-03-03T11:37:31","guid":{"rendered":"https:\/\/xiorstudenthousing.covalentbond.website\/sweden\/"},"modified":"2026-03-30T07:50:32","modified_gmt":"2026-03-30T07:50:32","slug":"sweden","status":"publish","type":"page","link":"https:\/\/xiorstudenthousing.covalentbond.website\/de\/sweden\/","title":{"rendered":"Sweden"},"content":{"rendered":"","protected":false},"excerpt":{"rendered":"","protected":false},"author":1,"featured_media":0,"parent":0,"menu_order":0,"comment_status":"closed","ping_status":"closed","template":"templates\/country-template.php","meta":{"_acf_changed":false,"footnotes":""},"class_list":["post-25720","page","type-page","status-publish","hentry"],"acf":[],"yoast_head":"<!-- This site is optimized with the Yoast SEO plugin v27.1.1 - https:\/\/yoast.com\/product\/yoast-seo-wordpress\/ -->\n<title>Studentenwohnheime in Schweden | Zimmer &amp; Wohnungen | Xior<\/title>\n<meta name=\"description\" content=\"Entdecke mit Xior Studentenunterk\u00fcnfte in ganz Schweden \u2013 Zimmer in der N\u00e4he von Universit\u00e4ten, schnelles WLAN, Gemeinschaftsr\u00e4ume, Fitnessstudios und sichere Studentenwohnungen.\" \/>\n<meta name=\"robots\" content=\"noindex, follow, max-snippet:-1, max-image-preview:large, max-video-preview:-1\" \/>\n<meta property=\"og:locale\" content=\"de_DE\" \/>\n<meta property=\"og:type\" content=\"article\" \/>\n<meta property=\"og:title\" content=\"Studentenwohnheime in Schweden | Zimmer &amp; Wohnungen | Xior\" \/>\n<meta property=\"og:description\" content=\"Entdecke mit Xior Studentenunterk\u00fcnfte in ganz Schweden \u2013 Zimmer in der N\u00e4he von Universit\u00e4ten, schnelles WLAN, Gemeinschaftsr\u00e4ume, Fitnessstudios und sichere Studentenwohnungen.\" \/>\n<meta property=\"og:url\" content=\"https:\/\/xiorstudenthousing.covalentbond.website\/de\/sweden\/\" \/>\n<meta property=\"og:site_name\" content=\"Xior Student Housing\" \/>\n<meta property=\"article:publisher\" content=\"https:\/\/www.facebook.com\/xiorstudenthousing\" \/>\n<meta property=\"article:modified_time\" content=\"2026-03-30T07:50:32+00:00\" \/>\n<meta name=\"twitter:card\" content=\"summary_large_image\" \/>\n<meta name=\"twitter:site\" content=\"@xiorstudent\" \/>\n<script type=\"application\/ld+json\" class=\"yoast-schema-graph\">{\"@context\":\"https:\/\/schema.org\",\"@graph\":[{\"@type\":\"WebPage\",\"@id\":\"https:\/\/xiorstudenthousing.covalentbond.website\/de\/sweden\/\",\"url\":\"https:\/\/xiorstudenthousing.covalentbond.website\/de\/sweden\/\",\"name\":\"Studentenwohnheime in Schweden | Zimmer & Wohnungen | Xior\",\"isPartOf\":{\"@id\":\"https:\/\/xiorstudenthousing.covalentbond.website\/#website\"},\"datePublished\":\"2026-03-03T11:37:31+00:00\",\"dateModified\":\"2026-03-30T07:50:32+00:00\",\"description\":\"Entdecke mit Xior Studentenunterk\u00fcnfte in ganz Schweden \u2013 Zimmer in der N\u00e4he von Universit\u00e4ten, schnelles WLAN, Gemeinschaftsr\u00e4ume, Fitnessstudios und sichere Studentenwohnungen.\",\"breadcrumb\":{\"@id\":\"https:\/\/xiorstudenthousing.covalentbond.website\/de\/sweden\/#breadcrumb\"},\"inLanguage\":\"de\",\"potentialAction\":[{\"@type\":\"ReadAction\",\"target\":[\"https:\/\/xiorstudenthousing.covalentbond.website\/de\/sweden\/\"]}]},{\"@type\":\"BreadcrumbList\",\"@id\":\"https:\/\/xiorstudenthousing.covalentbond.website\/de\/sweden\/#breadcrumb\",\"itemListElement\":[{\"@type\":\"ListItem\",\"position\":1,\"name\":\"Home\",\"item\":\"https:\/\/xiorstudenthousing.covalentbond.website\/de\/\"},{\"@type\":\"ListItem\",\"position\":2,\"name\":\"Sweden\"}]},{\"@type\":\"WebSite\",\"@id\":\"https:\/\/xiorstudenthousing.covalentbond.website\/#website\",\"url\":\"https:\/\/xiorstudenthousing.covalentbond.website\/\",\"name\":\"Xior Student Housing\",\"description\":\"\",\"potentialAction\":[{\"@type\":\"SearchAction\",\"target\":{\"@type\":\"EntryPoint\",\"urlTemplate\":\"https:\/\/xiorstudenthousing.covalentbond.website\/?s={search_term_string}\"},\"query-input\":{\"@type\":\"PropertyValueSpecification\",\"valueRequired\":true,\"valueName\":\"search_term_string\"}}],\"inLanguage\":\"de\"}]}<\/script>\n<!-- \/ Yoast SEO plugin. -->","yoast_head_json":{"title":"Studentenwohnheime in Schweden | Zimmer & Wohnungen | Xior","description":"Entdecke mit Xior Studentenunterk\u00fcnfte in ganz Schweden \u2013 Zimmer in der N\u00e4he von Universit\u00e4ten, schnelles WLAN, Gemeinschaftsr\u00e4ume, Fitnessstudios und sichere Studentenwohnungen.","robots":{"index":"noindex","follow":"follow","max-snippet":"max-snippet:-1","max-image-preview":"max-image-preview:large","max-video-preview":"max-video-preview:-1"},"og_locale":"de_DE","og_type":"article","og_title":"Studentenwohnheime in Schweden | Zimmer & Wohnungen | Xior","og_description":"Entdecke mit Xior Studentenunterk\u00fcnfte in ganz Schweden \u2013 Zimmer in der N\u00e4he von Universit\u00e4ten, schnelles WLAN, Gemeinschaftsr\u00e4ume, Fitnessstudios und sichere Studentenwohnungen.","og_url":"https:\/\/xiorstudenthousing.covalentbond.website\/de\/sweden\/","og_site_name":"Xior Student Housing","article_publisher":"https:\/\/www.facebook.com\/xiorstudenthousing","article_modified_time":"2026-03-30T07:50:32+00:00","twitter_card":"summary_large_image","twitter_site":"@xiorstudent","schema":{"@context":"https:\/\/schema.org","@graph":[{"@type":"WebPage","@id":"https:\/\/xiorstudenthousing.covalentbond.website\/de\/sweden\/","url":"https:\/\/xiorstudenthousing.covalentbond.website\/de\/sweden\/","name":"Studentenwohnheime in Schweden | Zimmer & Wohnungen | Xior","isPartOf":{"@id":"https:\/\/xiorstudenthousing.covalentbond.website\/#website"},"datePublished":"2026-03-03T11:37:31+00:00","dateModified":"2026-03-30T07:50:32+00:00","description":"Entdecke mit Xior Studentenunterk\u00fcnfte in ganz Schweden \u2013 Zimmer in der N\u00e4he von Universit\u00e4ten, schnelles WLAN, Gemeinschaftsr\u00e4ume, Fitnessstudios und sichere Studentenwohnungen.","breadcrumb":{"@id":"https:\/\/xiorstudenthousing.covalentbond.website\/de\/sweden\/#breadcrumb"},"inLanguage":"de","potentialAction":[{"@type":"ReadAction","target":["https:\/\/xiorstudenthousing.covalentbond.website\/de\/sweden\/"]}]},{"@type":"BreadcrumbList","@id":"https:\/\/xiorstudenthousing.covalentbond.website\/de\/sweden\/#breadcrumb","itemListElement":[{"@type":"ListItem","position":1,"name":"Home","item":"https:\/\/xiorstudenthousing.covalentbond.website\/de\/"},{"@type":"ListItem","position":2,"name":"Sweden"}]},{"@type":"WebSite","@id":"https:\/\/xiorstudenthousing.covalentbond.website\/#website","url":"https:\/\/xiorstudenthousing.covalentbond.website\/","name":"Xior Student Housing","description":"","potentialAction":[{"@type":"SearchAction","target":{"@type":"EntryPoint","urlTemplate":"https:\/\/xiorstudenthousing.covalentbond.website\/?s={search_term_string}"},"query-input":{"@type":"PropertyValueSpecification","valueRequired":true,"valueName":"search_term_string"}}],"inLanguage":"de"}]}},"_links":{"self":[{"href":"https:\/\/xiorstudenthousing.covalentbond.website\/de\/wp-json\/wp\/v2\/pages\/25720","targetHints":{"allow":["GET"]}}],"collection":[{"href":"https:\/\/xiorstudenthousing.covalentbond.website\/de\/wp-json\/wp\/v2\/pages"}],"about":[{"href":"https:\/\/xiorstudenthousing.covalentbond.website\/de\/wp-json\/wp\/v2\/types\/page"}],"author":[{"embeddable":true,"href":"https:\/\/xiorstudenthousing.covalentbond.website\/de\/wp-json\/wp\/v2\/users\/1"}],"replies":[{"embeddable":true,"href":"https:\/\/xiorstudenthousing.covalentbond.website\/de\/wp-json\/wp\/v2\/comments?post=25720"}],"version-history":[{"count":4,"href":"https:\/\/xiorstudenthousing.covalentbond.website\/de\/wp-json\/wp\/v2\/pages\/25720\/revisions"}],"predecessor-version":[{"id":32827,"href":"https:\/\/xiorstudenthousing.covalentbond.website\/de\/wp-json\/wp\/v2\/pages\/25720\/revisions\/32827"}],"wp:attachment":[{"href":"https:\/\/xiorstudenthousing.covalentbond.website\/de\/wp-json\/wp\/v2\/media?parent=25720"}],"curies":[{"name":"wp","href":"https:\/\/api.w.org\/{rel}","templated":true}]}}